{"id":20,"date":"2013-01-07T20:12:14","date_gmt":"2013-01-07T20:12:14","guid":{"rendered":"http:\/\/www.rassetauben-potreck.de\/?page_id=20"},"modified":"2013-02-10T16:47:43","modified_gmt":"2013-02-10T15:47:43","slug":"zuchtanlage","status":"publish","type":"page","link":"http:\/\/www.rassetauben-potreck.de\/?page_id=20","title":{"rendered":"Zuchtanlage"},"content":{"rendered":"<p><strong>Der erste und \u00e4ltere Teil meiner Zuchtanlage befindet sich in Alst\u00e4tte. Fangen wir doch einfach im Vorraum mit einem kleinen Rundgang an:<\/strong><\/p>\nngg_shortcode_0_placeholder\n<p>&nbsp;<\/p>\n<p><strong>Die Zuchtabteile in Alst\u00e4tte<\/strong> sind schon viele Jahre alt. Sie ist im Laufe der Jahre immer weiter ausgebaut worden. Die Zucht der Tauben gelingt sehr gut:<\/p>\nngg_shortcode_1_placeholder\n<p>&nbsp;<\/p>\n<p><strong>Hier ein Blick auf die Au\u00dfenvoliere, in der die Tauben sich fast wie im Freiflug bewegen k\u00f6nnen:<\/strong><\/p>\nngg_shortcode_2_placeholder\n<p>&nbsp;<\/p>\n<p>Nach einer entsprechenden Vorplanung haben wir im Jahr 2012 einen weiteren Taubenstall gebaut: Marke Eigenbau!<\/p>\n<p>Dieser Taubenstall ist im Innenbereich mit Lichtgittern ausgestattet, auf denen die Tauben ohne Probleme laufen k\u00f6nnen. Der Kot f\u00e4llt durch diese Lichtgitter auf Holzplatten. Diese wiederum k\u00f6nnen wir an der R\u00fcckseite der Anlage hervorziehen und sehr bequem reinigen. \u00dcberhaupt haben wir bei der Planung viel Wert auf folgende Punkte gelegt werden:<\/p>\n<ul>\n<li>Optimale Haltungsbedingungen f\u00fcr die Tauben<\/li>\n<li>maximaler, nat\u00fcrlicher Lichteinfall<\/li>\n<li>passive Be- und Entl\u00fcftung<\/li>\n<li>effiziente Reinigungsm\u00f6glichkeiten<\/li>\n<\/ul>\n<p><strong>Aber mehr als Worte sagen Bilder. Schaut euch gerne in unserem neuen Stall um.<\/strong><\/p>\nngg_shortcode_3_placeholder\n<p>&nbsp;<\/p>\n<p><strong>Die Voliere wurde einige Wochen sp\u00e4ter aufgestellt.<\/strong><\/p>\n<p>ngg_shortcode_4_placeholder<a href=\"http:\/\/www.rassetauben-potreck.de\/wp-content\/uploads\/2013\/01\/DSCN3387.jpg\"><img loading=\"lazy\" decoding=\"async\" class=\"alignnone size-medium wp-image-167\" alt=\"DSCN3387\" src=\"http:\/\/www.rassetauben-potreck.de\/wp-content\/uploads\/2013\/01\/DSCN3387-240x180.jpg\" width=\"240\" height=\"180\" \/><\/a><a href=\"http:\/\/www.rassetauben-potreck.de\/wp-content\/uploads\/2013\/01\/DSCN3386.jpg\"><img loading=\"lazy\" decoding=\"async\" class=\"alignnone size-medium wp-image-302\" alt=\"DSCN3386\" src=\"http:\/\/www.rassetauben-potreck.de\/wp-content\/uploads\/2013\/01\/DSCN3386-240x180.jpg\" width=\"240\" height=\"180\" \/><a href=\"http:\/\/www.rassetauben-potreck.de\/wp-content\/uploads\/2013\/01\/DSCN33892.jpg\"><img loading=\"lazy\" decoding=\"async\" class=\"alignnone size-medium wp-image-306\" alt=\"DSCN3389\" src=\"http:\/\/www.rassetauben-potreck.de\/wp-content\/uploads\/2013\/01\/DSCN33892-240x180.jpg\" width=\"240\" height=\"180\" \/><\/a><\/a><\/p>\n<p>&nbsp;<\/p>\n<p><strong>Abschlie\u00dfend m\u00f6chte ich euch zu einem Blick in mein kleines, aber feines Taubenst\u00fcbchen einladen.<\/strong> Hier verweile ich regelm\u00e4\u00dfig mit meinen Z\u00fcchterfreunden und wir tauschen uns \u00fcber unser sch\u00f6nes Hobby aus.<\/p>\n<p>Durch ein gro\u00dfes Fenster kann man die Tauben direkt beobachten, ohne sie zu st\u00f6ren. Dies macht vor allem w\u00e4hrend der Zuchtsaison viel Spa\u00df!<\/p>\nngg_shortcode_5_placeholder\n<p>&nbsp;<\/p>\n","protected":false},"excerpt":{"rendered":"<p>Der erste und \u00e4ltere Teil meiner Zuchtanlage befindet sich in Alst\u00e4tte. Fangen wir doch einfach im Vorraum mit einem kleinen Rundgang an: &nbsp; Die Zuchtabteile in Alst\u00e4tte sind schon viele Jahre alt. Sie ist im Laufe der Jahre immer weiter ausgebaut worden. Die Zucht der Tauben gelingt sehr gut: &nbsp; Hier ein Blick auf die [&hellip;]<\/p>\n","protected":false},"author":1,"featured_media":0,"parent":0,"menu_order":0,"comment_status":"open","ping_status":"open","template":"","meta":{"site-sidebar-layout":"default","site-content-layout":"","ast-site-content-layout":"default","site-content-style":"default","site-sidebar-style":"default","ast-global-header-display":"","ast-banner-title-visibility":"","ast-main-header-display":"","ast-hfb-above-header-display":"","ast-hfb-below-header-display":"","ast-hfb-mobile-header-display":"","site-post-title":"","ast-breadcrumbs-content":"","ast-featured-img":"","footer-sml-layout":"","ast-disable-related-posts":"","theme-transparent-header-meta":"","adv-header-id-meta":"","stick-header-meta":"","header-above-stick-meta":"","header-main-stick-meta":"","header-below-stick-meta":"","astra-migrate-meta-layouts":"default","ast-page-background-enabled":"default","ast-page-background-meta":{"desktop":{"background-color":"var(--ast-global-color-4)","background-image":"","background-repeat":"repeat","background-position":"center center","background-size":"auto","background-attachment":"scroll","background-type":"","background-media":"","overlay-type":"","overlay-color":"","overlay-opacity":"","overlay-gradient":""},"tablet":{"background-color":"","background-image":"","background-repeat":"repeat","background-position":"center center","background-size":"auto","background-attachment":"scroll","background-type":"","background-media":"","overlay-type":"","overlay-color":"","overlay-opacity":"","overlay-gradient":""},"mobile":{"background-color":"","background-image":"","background-repeat":"repeat","background-position":"center center","background-size":"auto","background-attachment":"scroll","background-type":"","background-media":"","overlay-type":"","overlay-color":"","overlay-opacity":"","overlay-gradient":""}},"ast-content-background-meta":{"desktop":{"background-color":"var(--ast-global-color-5)","background-image":"","background-repeat":"repeat","background-position":"center center","background-size":"auto","background-attachment":"scroll","background-type":"","background-media":"","overlay-type":"","overlay-color":"","overlay-opacity":"","overlay-gradient":""},"tablet":{"background-color":"var(--ast-global-color-5)","background-image":"","background-repeat":"repeat","background-position":"center center","background-size":"auto","background-attachment":"scroll","background-type":"","background-media":"","overlay-type":"","overlay-color":"","overlay-opacity":"","overlay-gradient":""},"mobile":{"background-color":"var(--ast-global-color-5)","background-image":"","background-repeat":"repeat","background-position":"center center","background-size":"auto","background-attachment":"scroll","background-type":"","background-media":"","overlay-type":"","overlay-color":"","overlay-opacity":"","overlay-gradient":""}},"ngg_post_thumbnail":0,"footnotes":""},"class_list":["post-20","page","type-page","status-publish","hentry"],"_links":{"self":[{"href":"http:\/\/www.rassetauben-potreck.de\/index.php?rest_route=\/wp\/v2\/pages\/20","targetHints":{"allow":["GET"]}}],"collection":[{"href":"http:\/\/www.rassetauben-potreck.de\/index.php?rest_route=\/wp\/v2\/pages"}],"about":[{"href":"http:\/\/www.rassetauben-potreck.de\/index.php?rest_route=\/wp\/v2\/types\/page"}],"author":[{"embeddable":true,"href":"http:\/\/www.rassetauben-potreck.de\/index.php?rest_route=\/wp\/v2\/users\/1"}],"replies":[{"embeddable":true,"href":"http:\/\/www.rassetauben-potreck.de\/index.php?rest_route=%2Fwp%2Fv2%2Fcomments&post=20"}],"version-history":[{"count":24,"href":"http:\/\/www.rassetauben-potreck.de\/index.php?rest_route=\/wp\/v2\/pages\/20\/revisions"}],"predecessor-version":[{"id":92,"href":"http:\/\/www.rassetauben-potreck.de\/index.php?rest_route=\/wp\/v2\/pages\/20\/revisions\/92"}],"wp:attachment":[{"href":"http:\/\/www.rassetauben-potreck.de\/index.php?rest_route=%2Fwp%2Fv2%2Fmedia&parent=20"}],"curies":[{"name":"wp","href":"https:\/\/api.w.org\/{rel}","templated":true}]}}