{"id":30,"date":"2013-01-07T20:26:22","date_gmt":"2013-01-07T20:26:22","guid":{"rendered":"http:\/\/www.rassetauben-potreck.de\/?page_id=30"},"modified":"2013-03-05T21:04:19","modified_gmt":"2013-03-05T20:04:19","slug":"goldener-siegerring","status":"publish","type":"page","link":"http:\/\/www.rassetauben-potreck.de\/?page_id=30","title":{"rendered":"Goldener Siegerring"},"content":{"rendered":"<p><strong>Der Gr\u00f6\u00dfte Erfolg den ein Taubenz\u00fcchter erleben kann!<\/strong><\/p>\n<p style=\"text-align: justify;\">Im Jahr 2001 feierte der Club der Amsterdamer Kr\u00f6pfer sein 75 J\u00e4hriges bestehen. Vom BDRG war dem Club 2 Jahre zuvor der Sieger-Ring Wettbewerb zugesprochen worden. Obwohl unsere Haupt-Sonderschau im Jubil\u00e4umsjahr in Schwabach bei N\u00fcrnberg durchgef\u00fchrt werden sollte, und zu dem noch als Europa Schau ausgeschrieben war konzentrierten sich die Z\u00fcchter auf das wichtigste und wohl gr\u00f6\u00dfte Hailight in diesem Jubil\u00e4umsjahr. Hierzu reisten wir nach Frankfurt mit unseren Tieren. Denn dort fand im Jahr 2001 die Nationale Rasse-Gefl\u00fcgelschau statt. Die Mitglieder des Club der Amsterdamer Kr\u00f6pfer hatte viel M\u00fchen und Arbeit auf sich genommen um dem Sieger-Ring Wettbewerb einen w\u00fcrdigen Rahmen zu verleihen. Nach einen spannenden Wettbewerb konnte ich diesen schlie\u00dflich f\u00fcr mich entscheiden, mit meinen wei\u00dfen Amsterdamern habe ich den goldenen Sieger-Ring gewonnen.<\/p>\n<p><a href=\"http:\/\/www.rassetauben-potreck.de\/wp-content\/uploads\/2013\/01\/DSC00813.jpg\"><img loading=\"lazy\" decoding=\"async\" class=\"alignnone size-medium wp-image-377\" alt=\"DSC00813\" src=\"http:\/\/www.rassetauben-potreck.de\/wp-content\/uploads\/2013\/01\/DSC00813-240x180.jpg\" width=\"240\" height=\"180\" \/><\/a><a href=\"http:\/\/www.rassetauben-potreck.de\/wp-content\/uploads\/2013\/01\/DSC00815.jpg\"><img loading=\"lazy\" decoding=\"async\" class=\"alignnone size-medium wp-image-379\" alt=\"DSC00815\" src=\"http:\/\/www.rassetauben-potreck.de\/wp-content\/uploads\/2013\/01\/DSC00815-240x180.jpg\" width=\"240\" height=\"180\" \/><\/a><\/p>\n<p style=\"text-align: justify;\"><strong>Zwei meiner damaligen Spitzen Tiere. Ich konnte den Wettbewerb um den Goldenen Sieger Ring mit 1 mal V 97 Sieger Band, 1 mal V Frankfurter Band, 2 mal Hv 96 und ein mal sg 95 Punkte abschlie\u00dfen.<\/strong><\/p>\n<p><a href=\"http:\/\/www.rassetauben-potreck.de\/wp-content\/uploads\/2013\/01\/DSC03924.jpg\"><img loading=\"lazy\" decoding=\"async\" class=\"alignnone size-medium wp-image-374\" alt=\"DSC03924\" src=\"http:\/\/www.rassetauben-potreck.de\/wp-content\/uploads\/2013\/01\/DSC03924-180x240.jpg\" width=\"180\" height=\"240\" \/><\/a><a href=\"http:\/\/www.rassetauben-potreck.de\/wp-content\/uploads\/2013\/01\/DSC03932-Kopie-2-Kopie.jpg\"><img loading=\"lazy\" decoding=\"async\" class=\"alignnone size-medium wp-image-385\" alt=\"DSC03932 - Kopie (2) - Kopie\" src=\"http:\/\/www.rassetauben-potreck.de\/wp-content\/uploads\/2013\/01\/DSC03932-Kopie-2-Kopie-180x240.jpg\" width=\"180\" height=\"240\" \/><\/a><\/p>\n<p style=\"text-align: justify;\"><strong>Die beiden Ehrenb\u00e4nder sind an sich schon Grund genug zur Freude! Aber da war doch noch was!!!!<\/strong><\/p>\n<p><strong>Und so sieht er aus der Goldene Sieger Ring! \u00a0 \u00a0 \u00a0 \u00a0<\/strong><\/p>\n<p><strong> \u00a0<a href=\"http:\/\/www.rassetauben-potreck.de\/wp-content\/uploads\/2013\/01\/DSC03981.jpg\"><img loading=\"lazy\" decoding=\"async\" class=\"alignnone size-medium wp-image-386\" alt=\"DSC03981\" src=\"http:\/\/www.rassetauben-potreck.de\/wp-content\/uploads\/2013\/01\/DSC03981-240x180.jpg\" width=\"240\" height=\"180\" \/><\/a><\/strong><\/p>\n<p style=\"text-align: justify;\"><strong>Intensive Zuchtarbeit eine gl\u00fcckliche Hand und nat\u00fcrlich ein wenig Gl\u00fcck, das ist das Rezept f\u00fcr so einen Erfolg!<\/strong><\/p>\n<p style=\"text-align: justify;\"><strong>Im Jubil\u00e4umsjahr 2001 wurde ich dann in Schwabach auf der Europa-Schau unserer Amsterdamer Kr\u00f6pfer noch Europameister und Club Meister mit Insgesamt 3 mal V 97 und 4 mal Hv 96 Punkten.<\/strong><\/p>\n<p>&nbsp;<\/p>\n<p>&nbsp;<\/p>\n<p>&nbsp;<\/p>\n","protected":false},"excerpt":{"rendered":"<p>Der Gr\u00f6\u00dfte Erfolg den ein Taubenz\u00fcchter erleben kann! Im Jahr 2001 feierte der Club der Amsterdamer Kr\u00f6pfer sein 75 J\u00e4hriges bestehen. Vom BDRG war dem Club 2 Jahre zuvor der Sieger-Ring Wettbewerb zugesprochen worden. Obwohl unsere Haupt-Sonderschau im Jubil\u00e4umsjahr in Schwabach bei N\u00fcrnberg durchgef\u00fchrt werden sollte, und zu dem noch als Europa Schau ausgeschrieben war [&hellip;]<\/p>\n","protected":false},"author":1,"featured_media":0,"parent":0,"menu_order":0,"comment_status":"open","ping_status":"open","template":"","meta":{"site-sidebar-layout":"default","site-content-layout":"","ast-site-content-layout":"default","site-content-style":"default","site-sidebar-style":"default","ast-global-header-display":"","ast-banner-title-visibility":"","ast-main-header-display":"","ast-hfb-above-header-display":"","ast-hfb-below-header-display":"","ast-hfb-mobile-header-display":"","site-post-title":"","ast-breadcrumbs-content":"","ast-featured-img":"","footer-sml-layout":"","ast-disable-related-posts":"","theme-transparent-header-meta":"","adv-header-id-meta":"","stick-header-meta":"","header-above-stick-meta":"","header-main-stick-meta":"","header-below-stick-meta":"","astra-migrate-meta-layouts":"default","ast-page-background-enabled":"default","ast-page-background-meta":{"desktop":{"background-color":"var(--ast-global-color-4)","background-image":"","background-repeat":"repeat","background-position":"center center","background-size":"auto","background-attachment":"scroll","background-type":"","background-media":"","overlay-type":"","overlay-color":"","overlay-opacity":"","overlay-gradient":""},"tablet":{"background-color":"","background-image":"","background-repeat":"repeat","background-position":"center center","background-size":"auto","background-attachment":"scroll","background-type":"","background-media":"","overlay-type":"","overlay-color":"","overlay-opacity":"","overlay-gradient":""},"mobile":{"background-color":"","background-image":"","background-repeat":"repeat","background-position":"center center","background-size":"auto","background-attachment":"scroll","background-type":"","background-media":"","overlay-type":"","overlay-color":"","overlay-opacity":"","overlay-gradient":""}},"ast-content-background-meta":{"desktop":{"background-color":"var(--ast-global-color-5)","background-image":"","background-repeat":"repeat","background-position":"center center","background-size":"auto","background-attachment":"scroll","background-type":"","background-media":"","overlay-type":"","overlay-color":"","overlay-opacity":"","overlay-gradient":""},"tablet":{"background-color":"var(--ast-global-color-5)","background-image":"","background-repeat":"repeat","background-position":"center center","background-size":"auto","background-attachment":"scroll","background-type":"","background-media":"","overlay-type":"","overlay-color":"","overlay-opacity":"","overlay-gradient":""},"mobile":{"background-color":"var(--ast-global-color-5)","background-image":"","background-repeat":"repeat","background-position":"center center","background-size":"auto","background-attachment":"scroll","background-type":"","background-media":"","overlay-type":"","overlay-color":"","overlay-opacity":"","overlay-gradient":""}},"ngg_post_thumbnail":0,"footnotes":""},"class_list":["post-30","page","type-page","status-publish","hentry"],"_links":{"self":[{"href":"http:\/\/www.rassetauben-potreck.de\/index.php?rest_route=\/wp\/v2\/pages\/30","targetHints":{"allow":["GET"]}}],"collection":[{"href":"http:\/\/www.rassetauben-potreck.de\/index.php?rest_route=\/wp\/v2\/pages"}],"about":[{"href":"http:\/\/www.rassetauben-potreck.de\/index.php?rest_route=\/wp\/v2\/types\/page"}],"author":[{"embeddable":true,"href":"http:\/\/www.rassetauben-potreck.de\/index.php?rest_route=\/wp\/v2\/users\/1"}],"replies":[{"embeddable":true,"href":"http:\/\/www.rassetauben-potreck.de\/index.php?rest_route=%2Fwp%2Fv2%2Fcomments&post=30"}],"version-history":[{"count":15,"href":"http:\/\/www.rassetauben-potreck.de\/index.php?rest_route=\/wp\/v2\/pages\/30\/revisions"}],"predecessor-version":[{"id":373,"href":"http:\/\/www.rassetauben-potreck.de\/index.php?rest_route=\/wp\/v2\/pages\/30\/revisions\/373"}],"wp:attachment":[{"href":"http:\/\/www.rassetauben-potreck.de\/index.php?rest_route=%2Fwp%2Fv2%2Fmedia&parent=30"}],"curies":[{"name":"wp","href":"https:\/\/api.w.org\/{rel}","templated":true}]}}