{"id":35,"date":"2013-01-08T06:54:20","date_gmt":"2013-01-08T06:54:20","guid":{"rendered":"http:\/\/www.rassetauben-potreck.de\/?page_id=35"},"modified":"2013-03-09T18:29:30","modified_gmt":"2013-03-09T17:29:30","slug":"preisrichter","status":"publish","type":"page","link":"http:\/\/www.rassetauben-potreck.de\/?page_id=35","title":{"rendered":"Preisrichter"},"content":{"rendered":"<p style=\"text-align: justify;\">Der Spa\u00df und die Freude an der Rassegefl\u00fcgelzucht wurden mir bereits in meiner Kindheit durch meine Eltern vermittelt. Seit meinem zw\u00f6lften Lebensjahr bin ich Mitglied des Rassegefl\u00fcgel- &amp; Vogelzuchtvereins Alst\u00e4tte 1959.<\/p>\n<p style=\"text-align: justify;\">Nach dem zweiten Weltkrieg hielt die Generation meiner Eltern H\u00fchner und Tauben, neben anderen Haustieren, in erster Linie zur Sicherstellung einer ausgewogenen Ern\u00e4hrung f\u00fcr die Familie. Mich faszinierten aber ausdrucksstarke K\u00f6pfe und sch\u00f6ne K\u00e4mme der H\u00e4hne, kr\u00e4ftige K\u00f6rper und das Farbspiel im gl\u00e4nzenden Gefieder. So machte ich mich als Jugendlicher mit dem Fahrrad auf und suchte erfahrene und erfolgreiche Z\u00fcchter auf, um von ihnen zu lernen. Ausgestattet mit guten Zuchttieren, versuchte ich dann, das in Gespr\u00e4chen vermittelte Wissen in die Praxis umzusetzen.<\/p>\n<p style=\"text-align: justify;\">Doch ich wollte mehr. Ich erkundigte mich nach den Voraussetzungen f\u00fcr eine Preisrichterausbildung in der Preisrichtervereinigung Westfalen-Lippe. Mit gerade einmal zwanzig Jahren sah ich mich kritischen Fragen der Preisrichtervereinigung ausgesetzt; war ich doch in jener Zeit der mit Abstand j\u00fcngste Preisrichteranw\u00e4rter. Zu der Zeit waren meine Ausstellungserfolge auf Gro\u00dfschauen noch recht d\u00fcrftig. Auch verf\u00fcgte ich nat\u00fcrlich nicht \u00fcber eine Zuchtanlage wie ich sie heute habe; ich lebte bei meinen Eltern und die Stallungen waren sehr viel einfacher gestaltet. Aber es n\u00fctzte nichts, ich reichte Bilder meiner Zuchtanlage ein, wies meine bisherigen Ausstellungserfolge und meinen z\u00fcchterischen Lebenslauf nach, beantragte ein polizeiliches F\u00fchrungszeugnis und stelle dies ebenfalls zur Verf\u00fcgung.<\/p>\n<p style=\"text-align: justify;\">Am Ende des Aufnahmeverfahrens konnte ich die Kommission \u00fcberzeugen und durfte mit einer vierj\u00e4hrigen Ausbildung beginnen. In zahlreichen Schulungen wurde mir viel Theorie vermittelt. Ich lernte die Satzung des BDRGs und seine Allgemeinen Ausstellungsbestimmungen kennen. Weiteren Schwerpunkt bildete die Rassenkenntnis, deren Bewertung und die Abstufung von Rassegefl\u00fcgel im Rahmen der Bewertung.<\/p>\n<p style=\"text-align: justify;\">Ich hatte damals mehrere Mentoren, die mir auf dem langen Weg zum Preisrichter hilfreich zur Verf\u00fcgung standen. Dies waren insbesondere Heinrich Krandick aus Vreden, ein sehr erfolgreicher Z\u00fcchter von Rheinl\u00e4ndern und Mookee Tauben, Alfons Perick aus Gronau-Epe, einer der erfolgreichsten Z\u00fcchter von Englischen Kurzschn\u00e4bligen T\u00fcmmlern und Josef Fischer aus Nordwalde. Herr Fischer war wohl einer der gr\u00f6\u00dften Kenner unserer Kropftaubenrassen. Den Br\u00fcnner Kr\u00f6pfer hat er selbst \u00fcber viele Jahre mit sehr gro\u00dfem Erfolg gez\u00fcchtet. Auch war er immer ein gro\u00dfer Freund und Kenner unseres Amsterdamer Kr\u00f6pfers.<\/p>\n<p style=\"text-align: justify;\">Meine Pr\u00fcfung zum Preisrichter legte ich 1986 f\u00fcr die Gruppen der Kropftauben und der Formentauben ab. Sonderrichter f\u00fcr Amsterdamer Kr\u00f6pfer bin ich fast ebenso lang. Es folgten fast jedes Jahr weitere Gruppen, so dass ich seit 2003 f\u00fcr die Gruppen B bis M zugelassen bin. Ich darf also heute alle H\u00fchner, Zwergh\u00fchner und Taubenrassen bewerten, was insbesondere f\u00fcr einen Einsatz auf Orts- und Kreisschauen von Vorteil ist.<\/p>\n<p style=\"text-align: justify;\">Das saisonale Ausstellungswesen, in der Regel von Oktober bis Januar, ist nicht immer leicht mit Beruf und Familie vereinbar. Als selbst\u00e4ndiger Zweirad-Mechanikermeister bin ich sehr gl\u00fccklich \u00fcber den Umstand, dass die Ausstellungssaison exakt in die f\u00fcr mich etwas ruhigere Herbst- und Winterzeit f\u00e4llt. So kann ich mich einmal in der Woche von meinen Mitarbeitern vertreten lassen und Richtauftr\u00e4ge erledigen.<\/p>\n<p style=\"text-align: justify;\">Heute bin ich seit fast drei\u00dfig Jahren als Preisrichter f\u00fcr den Bund Deutscher Rassegefl\u00fcgelz\u00fcchter t\u00e4tig. Ausgelernt habe ich deshalb aber nicht. Jeder Bewertungsauftrag stellt eine neue Herausforderung dar; jede neue Rasse und jeder neue Farbenschlag in der gro\u00dfen Welt der Rassegefl\u00fcgelzucht stellen auch an uns Preisrichter neue Anforderungen.<\/p>\n<p style=\"text-align: justify;\">Unz\u00e4hlige Gespr\u00e4che \u00fcber die ausgestellten Tiere an den K\u00e4figen, Z\u00fcchterbesuche und ein reger Austausch mit den Ansprechpartnern von Sondervereinen haben mich jedes Jahr reicher an Erfahrung gemacht. Ich kann nur jedem, der Freude an unserem Hobby hat, empfehlen, eine Ausbildung zum Preisrichter zu absolvieren. Die Erfahrungen, die man in diesen Jahren macht, sind unglaublich wertvoll und die vielen interessanten Begegnungen und Freundschaften mit zahlreichen Pers\u00f6nlichkeiten der Rassegefl\u00fcgelzucht sind manche M\u00fche und Anstrengung mehr als wert.<\/p>\n<p>Norbert Potreck<br \/>\nMitglied der Preisrichtervereinigung Westfalen-Lippe<br \/>\ndes Bundes Deutscher Rassegefl\u00fcgelz\u00fcchter e.V.<\/p>\n<p>&nbsp;<\/p>\n<h2 style=\"text-align: center;\">\u00dcbersicht der Gruppenzuordnungen:<\/h2>\n<table border=\"0\" align=\"left\">\n<tbody>\n<tr align=\"left\" valign=\"middle\">\n<td>A<\/td>\n<td>Wassergefl\u00fcgel, Puten und Perlh\u00fchner<\/td>\n<\/tr>\n<tr align=\"left\" valign=\"middle\">\n<td>B<\/td>\n<td>H\u00fchner<\/td>\n<\/tr>\n<tr align=\"left\" valign=\"middle\">\n<td>D<\/td>\n<td>Zwergh\u00fchner<\/td>\n<\/tr>\n<tr align=\"left\" valign=\"middle\">\n<td>E<\/td>\n<td>Kropftauben<\/td>\n<\/tr>\n<tr align=\"left\" valign=\"middle\">\n<td>F<\/td>\n<td>Formentauben, Huhn- und Schautauben<\/td>\n<\/tr>\n<tr align=\"left\" valign=\"middle\">\n<td>G<\/td>\n<td>T\u00fcmmler<\/td>\n<\/tr>\n<tr align=\"left\" valign=\"middle\">\n<td>H<\/td>\n<td>Farbentauben<\/td>\n<\/tr>\n<tr align=\"left\" valign=\"middle\">\n<td>I<\/td>\n<td>Trommeltauben<\/td>\n<\/tr>\n<tr align=\"left\" valign=\"middle\">\n<td>K<\/td>\n<td>Strukturtauben<\/td>\n<\/tr>\n<tr align=\"left\" valign=\"middle\">\n<td>L<\/td>\n<td>M\u00f6vchen<\/td>\n<\/tr>\n<tr align=\"left\" valign=\"middle\">\n<td>M<\/td>\n<td>Warzentauben, einschl. Bagdetten<\/td>\n<\/tr>\n<tr align=\"left\" valign=\"middle\">\n<td>Z1<\/td>\n<td>H\u00fchnerartige (Galliformes) von Zwergwachtel bis Pfau<\/td>\n<\/tr>\n<tr align=\"left\" valign=\"middle\">\n<td>Z2<\/td>\n<td>Wild- und Ziertauben<\/td>\n<\/tr>\n<tr align=\"left\" valign=\"middle\">\n<td>Z3<\/td>\n<td>Wasserziergefl\u00fcgel (Anatidae) G\u00e4nse und Enten<\/td>\n<\/tr>\n<\/tbody>\n<\/table>\nngg_shortcode_0_placeholder\n<p>&nbsp;<\/p>\n<p>&nbsp;<\/p>\n<p>&nbsp;<\/p>\n<p>&nbsp;<\/p>\n<p>&nbsp;<\/p>\n<p>&nbsp;<\/p>\n<p>&nbsp;<\/p>\n<p>&nbsp;<\/p>\n<p>&nbsp;<\/p>\n<p>&nbsp;<\/p>\n<p>&nbsp;<\/p>\n","protected":false},"excerpt":{"rendered":"<p>Der Spa\u00df und die Freude an der Rassegefl\u00fcgelzucht wurden mir bereits in meiner Kindheit durch meine Eltern vermittelt. Seit meinem zw\u00f6lften Lebensjahr bin ich Mitglied des Rassegefl\u00fcgel- &amp; Vogelzuchtvereins Alst\u00e4tte 1959. Nach dem zweiten Weltkrieg hielt die Generation meiner Eltern H\u00fchner und Tauben, neben anderen Haustieren, in erster Linie zur Sicherstellung einer ausgewogenen Ern\u00e4hrung f\u00fcr [&hellip;]<\/p>\n","protected":false},"author":1,"featured_media":0,"parent":0,"menu_order":0,"comment_status":"open","ping_status":"open","template":"","meta":{"site-sidebar-layout":"default","site-content-layout":"","ast-site-content-layout":"default","site-content-style":"default","site-sidebar-style":"default","ast-global-header-display":"","ast-banner-title-visibility":"","ast-main-header-display":"","ast-hfb-above-header-display":"","ast-hfb-below-header-display":"","ast-hfb-mobile-header-display":"","site-post-title":"","ast-breadcrumbs-content":"","ast-featured-img":"","footer-sml-layout":"","ast-disable-related-posts":"","theme-transparent-header-meta":"","adv-header-id-meta":"","stick-header-meta":"","header-above-stick-meta":"","header-main-stick-meta":"","header-below-stick-meta":"","astra-migrate-meta-layouts":"default","ast-page-background-enabled":"default","ast-page-background-meta":{"desktop":{"background-color":"var(--ast-global-color-4)","background-image":"","background-repeat":"repeat","background-position":"center center","background-size":"auto","background-attachment":"scroll","background-type":"","background-media":"","overlay-type":"","overlay-color":"","overlay-opacity":"","overlay-gradient":""},"tablet":{"background-color":"","background-image":"","background-repeat":"repeat","background-position":"center center","background-size":"auto","background-attachment":"scroll","background-type":"","background-media":"","overlay-type":"","overlay-color":"","overlay-opacity":"","overlay-gradient":""},"mobile":{"background-color":"","background-image":"","background-repeat":"repeat","background-position":"center center","background-size":"auto","background-attachment":"scroll","background-type":"","background-media":"","overlay-type":"","overlay-color":"","overlay-opacity":"","overlay-gradient":""}},"ast-content-background-meta":{"desktop":{"background-color":"var(--ast-global-color-5)","background-image":"","background-repeat":"repeat","background-position":"center center","background-size":"auto","background-attachment":"scroll","background-type":"","background-media":"","overlay-type":"","overlay-color":"","overlay-opacity":"","overlay-gradient":""},"tablet":{"background-color":"var(--ast-global-color-5)","background-image":"","background-repeat":"repeat","background-position":"center center","background-size":"auto","background-attachment":"scroll","background-type":"","background-media":"","overlay-type":"","overlay-color":"","overlay-opacity":"","overlay-gradient":""},"mobile":{"background-color":"var(--ast-global-color-5)","background-image":"","background-repeat":"repeat","background-position":"center center","background-size":"auto","background-attachment":"scroll","background-type":"","background-media":"","overlay-type":"","overlay-color":"","overlay-opacity":"","overlay-gradient":""}},"ngg_post_thumbnail":0,"footnotes":""},"class_list":["post-35","page","type-page","status-publish","hentry"],"_links":{"self":[{"href":"http:\/\/www.rassetauben-potreck.de\/index.php?rest_route=\/wp\/v2\/pages\/35","targetHints":{"allow":["GET"]}}],"collection":[{"href":"http:\/\/www.rassetauben-potreck.de\/index.php?rest_route=\/wp\/v2\/pages"}],"about":[{"href":"http:\/\/www.rassetauben-potreck.de\/index.php?rest_route=\/wp\/v2\/types\/page"}],"author":[{"embeddable":true,"href":"http:\/\/www.rassetauben-potreck.de\/index.php?rest_route=\/wp\/v2\/users\/1"}],"replies":[{"embeddable":true,"href":"http:\/\/www.rassetauben-potreck.de\/index.php?rest_route=%2Fwp%2Fv2%2Fcomments&post=35"}],"version-history":[{"count":13,"href":"http:\/\/www.rassetauben-potreck.de\/index.php?rest_route=\/wp\/v2\/pages\/35\/revisions"}],"predecessor-version":[{"id":115,"href":"http:\/\/www.rassetauben-potreck.de\/index.php?rest_route=\/wp\/v2\/pages\/35\/revisions\/115"}],"wp:attachment":[{"href":"http:\/\/www.rassetauben-potreck.de\/index.php?rest_route=%2Fwp%2Fv2%2Fmedia&parent=35"}],"curies":[{"name":"wp","href":"https:\/\/api.w.org\/{rel}","templated":true}]}}