{"id":431,"date":"2013-02-12T18:21:21","date_gmt":"2013-02-12T17:21:21","guid":{"rendered":"http:\/\/www.rassetauben-potreck.de\/?page_id=431"},"modified":"2013-03-09T18:33:54","modified_gmt":"2013-03-09T17:33:54","slug":"unsere-island-pferde","status":"publish","type":"page","link":"http:\/\/www.rassetauben-potreck.de\/?page_id=431","title":{"rendered":"Unsere Island Pferde"},"content":{"rendered":"<p><b>Hier m\u00f6chte ich den Besuchern meiner Homepage unsere beiden Island Pferde Hami und Hildegard vorstellen.<\/b><b> <\/b><\/p>\n<p style=\"text-align: justify;\">Isl\u00e4nder sind eine sehr robuste Pferderasse. Sie sind sehr widerstandsf\u00e4hig und sehr anspruchslos in der Haltung. So ben\u00f6tigen sie keinen festen Stall sondern es gen\u00fcgt ihnen ein Unterstand. Sie verbleiben eigentlich das ganze Jahr \u00fcber auf der Weide selbst im strengsten Winter. Sie unterscheiden sich von anderen Pferden durch zwei besondere Gangarten. Dies sind au\u00dfer der Schritt, Trab, und der Galopp noch der Pass und der T\u00f6lt. Besonders der T\u00f6lt macht das reiten von Isl\u00e4ndern zu einem besonderen Vergn\u00fcgen. Hat ein Reiter sich erst mal auf einen Isl\u00e4nder eingelassen, so gewinnt er durch den Charakter den Power, ihrer sehr ruhige Art und das sehr zutrauliche Wesen einen Begleiter und Freund f\u00fcr das ganze Leben!<\/p>\n<p>Unsere Hildegard 18 Jahre alt und ein echtes Energieb\u00fcndel ihr T\u00f6lt ist einfach sagenhaft!!!<\/p>\n<p><a href=\"http:\/\/www.rassetauben-potreck.de\/wp-content\/uploads\/2013\/01\/DSC03718.jpg\"><img loading=\"lazy\" decoding=\"async\" class=\"alignnone size-medium wp-image-277\" alt=\"DSC03718\" src=\"http:\/\/www.rassetauben-potreck.de\/wp-content\/uploads\/2013\/01\/DSC03718-240x180.jpg\" width=\"240\" height=\"180\" \/><\/a><a href=\"http:\/\/www.rassetauben-potreck.de\/wp-content\/uploads\/2013\/01\/DSC03707.jpg\"><img loading=\"lazy\" decoding=\"async\" class=\"alignnone size-medium wp-image-276\" alt=\"DSC03707\" src=\"http:\/\/www.rassetauben-potreck.de\/wp-content\/uploads\/2013\/01\/DSC03707-240x220.jpg\" width=\"240\" height=\"220\" \/><\/a><a href=\"http:\/\/www.rassetauben-potreck.de\/wp-content\/uploads\/2013\/01\/DSC03719.jpg\"><img loading=\"lazy\" decoding=\"async\" class=\"alignnone size-medium wp-image-278\" alt=\"DSC03719\" src=\"http:\/\/www.rassetauben-potreck.de\/wp-content\/uploads\/2013\/01\/DSC03719-240x189.jpg\" width=\"240\" height=\"189\" \/><\/a><a href=\"http:\/\/www.rassetauben-potreck.de\/wp-content\/uploads\/2013\/01\/DSC03716.jpg\"><img loading=\"lazy\" decoding=\"async\" class=\"alignnone size-medium wp-image-279\" alt=\"DSC03716\" src=\"http:\/\/www.rassetauben-potreck.de\/wp-content\/uploads\/2013\/01\/DSC03716-168x240.jpg\" width=\"168\" height=\"240\" \/><\/a><\/p>\n<p>Hami ist 6 Jahre alt und noch in der Ausbildung ihr T\u00f6lt kann sich aber schon sehen lassen.<\/p>\n<p><a href=\"http:\/\/www.rassetauben-potreck.de\/wp-content\/uploads\/2013\/01\/DSC03705.jpg\"><img loading=\"lazy\" decoding=\"async\" class=\"alignnone size-medium wp-image-275\" alt=\"DSC03705\" src=\"http:\/\/www.rassetauben-potreck.de\/wp-content\/uploads\/2013\/01\/DSC03705-173x240.jpg\" width=\"173\" height=\"240\" \/><\/a><img loading=\"lazy\" decoding=\"async\" class=\"alignnone size-medium wp-image-274\" style=\"font-size: 1rem; line-height: 1;\" alt=\"18082011433 (3)\" src=\"http:\/\/www.rassetauben-potreck.de\/wp-content\/uploads\/2013\/01\/18082011433-3-240x231.jpg\" width=\"240\" height=\"231\" srcset=\"http:\/\/www.rassetauben-potreck.de\/wp-content\/uploads\/2013\/01\/18082011433-3-240x231.jpg 240w, http:\/\/www.rassetauben-potreck.de\/wp-content\/uploads\/2013\/01\/18082011433-3.jpg 570w\" sizes=\"auto, (max-width: 240px) 100vw, 240px\" \/><a href=\"http:\/\/www.rassetauben-potreck.de\/wp-content\/uploads\/2013\/01\/20120725_203944.jpg\"><img loading=\"lazy\" decoding=\"async\" class=\"alignnone size-medium wp-image-296\" alt=\"20120725_203944\" src=\"http:\/\/www.rassetauben-potreck.de\/wp-content\/uploads\/2013\/01\/20120725_203944-240x180.jpg\" width=\"240\" height=\"180\" \/><\/a><a href=\"http:\/\/www.rassetauben-potreck.de\/wp-content\/uploads\/2013\/01\/Schulabschlu\u00df-Stefan-009.jpg\"><img loading=\"lazy\" decoding=\"async\" class=\"alignnone size-medium wp-image-295\" alt=\"OLYMPUS DIGITAL CAMERA\" src=\"http:\/\/www.rassetauben-potreck.de\/wp-content\/uploads\/2013\/01\/Schulabschlu\u00df-Stefan-009-131x240.jpg\" width=\"131\" height=\"240\" \/><\/a><\/p>\n<p>Hami ist st\u00e4ndig in Bewegung und voller Power. Sie ist total verschmust und ein echter Kumpel!<\/p>\nngg_shortcode_0_placeholder\n<p>&nbsp;<\/p>\n","protected":false},"excerpt":{"rendered":"<p>Hier m\u00f6chte ich den Besuchern meiner Homepage unsere beiden Island Pferde Hami und Hildegard vorstellen. Isl\u00e4nder sind eine sehr robuste Pferderasse. Sie sind sehr widerstandsf\u00e4hig und sehr anspruchslos in der Haltung. So ben\u00f6tigen sie keinen festen Stall sondern es gen\u00fcgt ihnen ein Unterstand. Sie verbleiben eigentlich das ganze Jahr \u00fcber auf der Weide selbst im [&hellip;]<\/p>\n","protected":false},"author":2,"featured_media":0,"parent":77,"menu_order":0,"comment_status":"open","ping_status":"open","template":"","meta":{"site-sidebar-layout":"default","site-content-layout":"","ast-site-content-layout":"default","site-content-style":"default","site-sidebar-style":"default","ast-global-header-display":"","ast-banner-title-visibility":"","ast-main-header-display":"","ast-hfb-above-header-display":"","ast-hfb-below-header-display":"","ast-hfb-mobile-header-display":"","site-post-title":"","ast-breadcrumbs-content":"","ast-featured-img":"","footer-sml-layout":"","ast-disable-related-posts":"","theme-transparent-header-meta":"","adv-header-id-meta":"","stick-header-meta":"","header-above-stick-meta":"","header-main-stick-meta":"","header-below-stick-meta":"","astra-migrate-meta-layouts":"default","ast-page-background-enabled":"default","ast-page-background-meta":{"desktop":{"background-color":"var(--ast-global-color-4)","background-image":"","background-repeat":"repeat","background-position":"center center","background-size":"auto","background-attachment":"scroll","background-type":"","background-media":"","overlay-type":"","overlay-color":"","overlay-opacity":"","overlay-gradient":""},"tablet":{"background-color":"","background-image":"","background-repeat":"repeat","background-position":"center center","background-size":"auto","background-attachment":"scroll","background-type":"","background-media":"","overlay-type":"","overlay-color":"","overlay-opacity":"","overlay-gradient":""},"mobile":{"background-color":"","background-image":"","background-repeat":"repeat","background-position":"center center","background-size":"auto","background-attachment":"scroll","background-type":"","background-media":"","overlay-type":"","overlay-color":"","overlay-opacity":"","overlay-gradient":""}},"ast-content-background-meta":{"desktop":{"background-color":"var(--ast-global-color-5)","background-image":"","background-repeat":"repeat","background-position":"center center","background-size":"auto","background-attachment":"scroll","background-type":"","background-media":"","overlay-type":"","overlay-color":"","overlay-opacity":"","overlay-gradient":""},"tablet":{"background-color":"var(--ast-global-color-5)","background-image":"","background-repeat":"repeat","background-position":"center center","background-size":"auto","background-attachment":"scroll","background-type":"","background-media":"","overlay-type":"","overlay-color":"","overlay-opacity":"","overlay-gradient":""},"mobile":{"background-color":"var(--ast-global-color-5)","background-image":"","background-repeat":"repeat","background-position":"center center","background-size":"auto","background-attachment":"scroll","background-type":"","background-media":"","overlay-type":"","overlay-color":"","overlay-opacity":"","overlay-gradient":""}},"ngg_post_thumbnail":0,"footnotes":""},"class_list":["post-431","page","type-page","status-publish","hentry"],"_links":{"self":[{"href":"http:\/\/www.rassetauben-potreck.de\/index.php?rest_route=\/wp\/v2\/pages\/431","targetHints":{"allow":["GET"]}}],"collection":[{"href":"http:\/\/www.rassetauben-potreck.de\/index.php?rest_route=\/wp\/v2\/pages"}],"about":[{"href":"http:\/\/www.rassetauben-potreck.de\/index.php?rest_route=\/wp\/v2\/types\/page"}],"author":[{"embeddable":true,"href":"http:\/\/www.rassetauben-potreck.de\/index.php?rest_route=\/wp\/v2\/users\/2"}],"replies":[{"embeddable":true,"href":"http:\/\/www.rassetauben-potreck.de\/index.php?rest_route=%2Fwp%2Fv2%2Fcomments&post=431"}],"version-history":[{"count":4,"href":"http:\/\/www.rassetauben-potreck.de\/index.php?rest_route=\/wp\/v2\/pages\/431\/revisions"}],"predecessor-version":[{"id":652,"href":"http:\/\/www.rassetauben-potreck.de\/index.php?rest_route=\/wp\/v2\/pages\/431\/revisions\/652"}],"up":[{"embeddable":true,"href":"http:\/\/www.rassetauben-potreck.de\/index.php?rest_route=\/wp\/v2\/pages\/77"}],"wp:attachment":[{"href":"http:\/\/www.rassetauben-potreck.de\/index.php?rest_route=%2Fwp%2Fv2%2Fmedia&parent=431"}],"curies":[{"name":"wp","href":"https:\/\/api.w.org\/{rel}","templated":true}]}}