{"id":54,"date":"2013-01-08T20:15:30","date_gmt":"2013-01-08T19:15:30","guid":{"rendered":"http:\/\/www.rassetauben-potreck.de\/?page_id=54"},"modified":"2013-02-16T10:15:37","modified_gmt":"2013-02-16T09:15:37","slug":"meine-vereine","status":"publish","type":"page","link":"http:\/\/www.rassetauben-potreck.de\/?page_id=54","title":{"rendered":"Meine Vereine"},"content":{"rendered":"<p><strong>Hier stelle ich euch die Vereine vor in denen ich Mitglied bin. In welcher Form ich aktiv \u00c4mter bekleidet habe oder zur Zeit noch aus\u00fcbe. \u00dcber meine bisherigen Ehrungen informiere ich im unteren Teil dieser Seite.<\/strong><\/p>\n<p><strong>Rassegefl\u00fcgel &amp; Vogelzuchtverein Alst\u00e4tte 1959<\/strong><\/p>\n<p style=\"text-align: justify;\">Seit 1973 bin ich Mitglied im Rassegefl\u00fcgel &amp; Vogelzuchtverein Alst\u00e4tte, hier bekleidete ich \u00fcber fast den gesamten Zeitraum meiner Mitgliedschaft die verschiedensten Vorstandspositionen. So war ich 17 Jahre 1 Vorsitzender und bin seit 2011 Zuchtward.<\/p>\n<p><strong>Preisrichter Vereinigung Westfalen- Lippe<\/strong><\/p>\n<p>In der Preisrichter Vereinigung Westfalen-Lippe bin ich seit 1982 Mitglied.\u00a0Zugelassen bin ich f\u00fcr die Gruppen B &#8211; M. H\u00fchner, Zwerg H\u00fchner und alle Rassetauben.<\/p>\n<p><strong>Amsterdamer Kr\u00f6pfer Club von 1926<\/strong><\/p>\n<p>Hier bin ich Mitglied seit 1983. Vorstandsmitglied seit 1984 und lange Zeit im Zuchtausschu\u00df t\u00e4tig. \u00a01 Vorsitzender seit 1996. Sonderrichter f\u00fcr Amsterdamer Kr\u00f6pfer seit 1988.<\/p>\n<p><strong>SV Niederl\u00e4ndische Hochflieger<\/strong><\/p>\n<p style=\"text-align: justify;\">Gr\u00fcndungsmitglied im Jahr 1986 und 6 Jahre 1 Kassierer.<\/p>\n<p><strong>King Club Deutschland<\/strong><\/p>\n<p>Bezirk 5 Nordrhein Westfalen seit 2013.<\/p>\n<p>&nbsp;<\/p>\n<p><strong>Mit folgenden Ehrungen bin ich ausgezeichnet worden.<\/strong><\/p>\n<p>Silberne und Goldene Ehrennadel des Landesverband Westfalen-Lippe.<\/p>\n<p>Silberne und Goldene Ehrennadel des Bund Deutscher Rassegefl\u00fcgelz\u00fcchter.<\/p>\n<p style=\"text-align: justify;\">Goldene Ehrennadel des Verband Deutscher Taubenz\u00fcchter ( VDT ).<\/p>\n","protected":false},"excerpt":{"rendered":"<p>Hier stelle ich euch die Vereine vor in denen ich Mitglied bin. In welcher Form ich aktiv \u00c4mter bekleidet habe oder zur Zeit noch aus\u00fcbe. \u00dcber meine bisherigen Ehrungen informiere ich im unteren Teil dieser Seite. Rassegefl\u00fcgel &amp; Vogelzuchtverein Alst\u00e4tte 1959 Seit 1973 bin ich Mitglied im Rassegefl\u00fcgel &amp; Vogelzuchtverein Alst\u00e4tte, hier bekleidete ich \u00fcber [&hellip;]<\/p>\n","protected":false},"author":1,"featured_media":0,"parent":0,"menu_order":0,"comment_status":"open","ping_status":"open","template":"","meta":{"site-sidebar-layout":"default","site-content-layout":"","ast-site-content-layout":"default","site-content-style":"default","site-sidebar-style":"default","ast-global-header-display":"","ast-banner-title-visibility":"","ast-main-header-display":"","ast-hfb-above-header-display":"","ast-hfb-below-header-display":"","ast-hfb-mobile-header-display":"","site-post-title":"","ast-breadcrumbs-content":"","ast-featured-img":"","footer-sml-layout":"","ast-disable-related-posts":"","theme-transparent-header-meta":"","adv-header-id-meta":"","stick-header-meta":"","header-above-stick-meta":"","header-main-stick-meta":"","header-below-stick-meta":"","astra-migrate-meta-layouts":"default","ast-page-background-enabled":"default","ast-page-background-meta":{"desktop":{"background-color":"var(--ast-global-color-4)","background-image":"","background-repeat":"repeat","background-position":"center center","background-size":"auto","background-attachment":"scroll","background-type":"","background-media":"","overlay-type":"","overlay-color":"","overlay-opacity":"","overlay-gradient":""},"tablet":{"background-color":"","background-image":"","background-repeat":"repeat","background-position":"center center","background-size":"auto","background-attachment":"scroll","background-type":"","background-media":"","overlay-type":"","overlay-color":"","overlay-opacity":"","overlay-gradient":""},"mobile":{"background-color":"","background-image":"","background-repeat":"repeat","background-position":"center center","background-size":"auto","background-attachment":"scroll","background-type":"","background-media":"","overlay-type":"","overlay-color":"","overlay-opacity":"","overlay-gradient":""}},"ast-content-background-meta":{"desktop":{"background-color":"var(--ast-global-color-5)","background-image":"","background-repeat":"repeat","background-position":"center center","background-size":"auto","background-attachment":"scroll","background-type":"","background-media":"","overlay-type":"","overlay-color":"","overlay-opacity":"","overlay-gradient":""},"tablet":{"background-color":"var(--ast-global-color-5)","background-image":"","background-repeat":"repeat","background-position":"center center","background-size":"auto","background-attachment":"scroll","background-type":"","background-media":"","overlay-type":"","overlay-color":"","overlay-opacity":"","overlay-gradient":""},"mobile":{"background-color":"var(--ast-global-color-5)","background-image":"","background-repeat":"repeat","background-position":"center center","background-size":"auto","background-attachment":"scroll","background-type":"","background-media":"","overlay-type":"","overlay-color":"","overlay-opacity":"","overlay-gradient":""}},"ngg_post_thumbnail":0,"footnotes":""},"class_list":["post-54","page","type-page","status-publish","hentry"],"_links":{"self":[{"href":"http:\/\/www.rassetauben-potreck.de\/index.php?rest_route=\/wp\/v2\/pages\/54","targetHints":{"allow":["GET"]}}],"collection":[{"href":"http:\/\/www.rassetauben-potreck.de\/index.php?rest_route=\/wp\/v2\/pages"}],"about":[{"href":"http:\/\/www.rassetauben-potreck.de\/index.php?rest_route=\/wp\/v2\/types\/page"}],"author":[{"embeddable":true,"href":"http:\/\/www.rassetauben-potreck.de\/index.php?rest_route=\/wp\/v2\/users\/1"}],"replies":[{"embeddable":true,"href":"http:\/\/www.rassetauben-potreck.de\/index.php?rest_route=%2Fwp%2Fv2%2Fcomments&post=54"}],"version-history":[{"count":23,"href":"http:\/\/www.rassetauben-potreck.de\/index.php?rest_route=\/wp\/v2\/pages\/54\/revisions"}],"predecessor-version":[{"id":603,"href":"http:\/\/www.rassetauben-potreck.de\/index.php?rest_route=\/wp\/v2\/pages\/54\/revisions\/603"}],"wp:attachment":[{"href":"http:\/\/www.rassetauben-potreck.de\/index.php?rest_route=%2Fwp%2Fv2%2Fmedia&parent=54"}],"curies":[{"name":"wp","href":"https:\/\/api.w.org\/{rel}","templated":true}]}}